{"id":226,"date":"2011-01-28T13:23:30","date_gmt":"2011-01-28T12:23:30","guid":{"rendered":"http:\/\/www.gustav.net\/wordpress\/?page_id=226"},"modified":"2012-10-14T14:24:21","modified_gmt":"2012-10-14T14:24:21","slug":"doom-metal","status":"publish","type":"page","link":"https:\/\/www.gustav.net\/?page_id=226","title":{"rendered":"Doom metal"},"content":{"rendered":"<div>\n<div>\n<div id=\"abw\">\n<div id=\"abm\">\n<div id=\"abc\">\n<div id=\"articlebody\">\n<div id=\"sub\">\n<div id=\"abw\">\n<div id=\"abm\">\n<div id=\"abc\">\n<div id=\"articlebody\">\n<div id=\"sub\">\n<div id=\"abw\">\n<div id=\"abm\">\n<div id=\"abc\">\n<div id=\"articlebody\">\n<div id=\"sub\">\n<div id=\"abw\">\n<div id=\"abm\">\n<div id=\"abc\">\n<div id=\"articlebody\">\n<div id=\"sub\">\n<div id=\"abw\">\n<div id=\"abm\">\n<div id=\"abc\">\n<div id=\"articlebody\">\n<div id=\"sub\">\n<div id=\"abw\">\n<div id=\"abm\">\n<div id=\"abc\">\n<div id=\"articlebody\">\n<div id=\"sub\">\n<div id=\"abw\">\n<div id=\"abm\">\n<div id=\"abc\">\n<div id=\"articlebody\">\n<div id=\"intro\">\n<div>\n<div id=\"abw\">\n<div id=\"abm\">\n<div id=\"abc\">\n<div id=\"articlebody\">\n<div id=\"sub\">\n<div id=\"abw\">\n<div id=\"abm\">\n<div id=\"abc\">\n<div id=\"articlebody\">\n<div id=\"sub\">\n<div id=\"abw\">\n<div id=\"abm\">\n<div id=\"abc\">\n<div id=\"articlebody\">\n<div id=\"sub\">\n<div id=\"abw\">\n<div id=\"abm\">\n<div id=\"abc\">\n<div id=\"articlebody\">\n<div id=\"sub\">\n<div id=\"abw\">\n<div id=\"abm\">\n<div id=\"abc\">\n<div id=\"articlebody\">\n<div id=\"sub\">\n<div id=\"abw\">\n<div id=\"abm\">\n<div id=\"abc\">\n<div id=\"articlebody\">\n<div id=\"sub\">\n<p>[tube]-3uvf0cn0jo[\/tube]<\/p>\n<p style=\"text-align: center;\"><strong><span style=\"color: #ffffff;\"><em>Video<\/em>: Candlemass &#8211; <em>&#8220;Bewitched&#8221;<\/em><\/span><\/strong><\/p>\n<p><strong><span style=\"color: #ffffff;\">Doom metal<\/span><\/strong> k\u00e4nnetecknas av att den \u00e4r extremt l\u00e5ngsam och tung. Musiken avser ge en k\u00e4nsla av, precis som namnet antyder, underg\u00e5ng. Genren b\u00f6rjade brukas i mitten p\u00e5\u00a01980-talet, och de band som spelar den \u00e4r ofta starkt inspirerade av\u00a0Black Sabbaths\u00a0tunga ljudbild.<\/p>\n<p><em><span style=\"color: #ffffff;\">Subgenrer:<\/span><\/em><\/p>\n<p>Doom metal har en m\u00e4ngd egna understilar. H\u00e4r beskrivs n\u00e5gra av dessa.<\/p>\n<p><em><span style=\"color: #ffffff;\">Traditionell doom<\/span><\/em> p\u00e5minner om\u00a01970-talets\u00a0heavy metal, men \u00e4r tyngre. Bandexempel:\u00a0Pentagram,\u00a0Witchfinder General<\/p>\n<p><em><span style=\"color: #ffffff;\">Gothic doom<\/span><\/em> \u00e4r doom med element av\u00a0gothic metal. Bandexempel:\u00a0Virgin Black\u00a0och\u00a0Draconian.<\/p>\n<p><em><span style=\"color: #ffffff;\">Death\/doom<\/span><\/em> avser doom metal med ett\u00a0death metal-sound, som bandet\u00a0Coffins\u00a0exempelvis och\u00a0My Dying Bride.<\/p>\n<p><em><span style=\"color: #ffffff;\">Funeral doom<\/span><\/em> \u00e4r en genre som ofta kallas den allra tyngsta formen av musik \u00f6verhuvudtaget. Tyngden \u00e4r det enda som r\u00e4knas, och l\u00e5tarna \u00e4r ofta \u00f6ver 20 minuter l\u00e5nga. Bandexempel \u00e4r norska\u00a0Funeral\u00a0och finska\u00a0Thergothon.<\/p>\n<p><em><span style=\"color: #ffffff;\">Drone doom<\/span><\/em> \u00e4r en stil som \u00e4r mer minimalistisk \u00e4n funeral. Generellt influerad av\u00a0noise\u00a0och\u00a0ambience. Baserad p\u00e5\u00a0borduntoner. Bandexempel:\u00a0Earth,\u00a0Sunn O)))<\/p>\n<p><em><span style=\"color: #ffffff;\">Stoner doom<\/span><\/em> \u00e4r en blandning av doom metal och\u00a0stoner metal. Bandexempel:\u00a0Sleep\u00a0och\u00a0Electric Wizard.<\/p>\n<\/div>\n<\/div>\n<\/div>\n<\/div>\n<\/div>\n<\/div>\n<\/div>\n<\/div>\n<\/div>\n<\/div>\n<\/div>\n<\/div>\n<\/div>\n<\/div>\n<\/div>\n<\/div>\n<\/div>\n<\/div>\n<\/div>\n<\/div>\n<\/div>\n<\/div>\n<\/div>\n<\/div>\n<\/div>\n<\/div>\n<\/div>\n<\/div>\n<\/div>\n<\/div>\n<\/div>\n<p><strong><span style=\"color: #ffffff;\">Doom metal-band:<\/span><\/strong><\/p>\n<\/div>\n<\/div>\n<\/div>\n<\/div>\n<\/div>\n<\/div>\n<div>\n<ul>\n<li>11th Hour, The<\/li>\n<li>Ahab<\/li>\n<li>Asva<\/li>\n<li>Battlefields<\/li>\n<li>Black Cobra<\/li>\n<li>Bloody Panda<\/li>\n<li>Candlemass<\/li>\n<li>Catacombs<\/li>\n<li>Cathedral<\/li>\n<li>Coffins<\/li>\n<li>Colosseum<\/li>\n<li>Cough<\/li>\n<li>Culted<\/li>\n<li>Draconian<\/li>\n<li>Dusted Angel<\/li>\n<li>Earth,\u00a0Sunn O)))<\/li>\n<li>Electric Wizard<\/li>\n<li>Ereb Altor<\/li>\n<li>Eyes Of Fire<\/li>\n<li>Forest Stream<\/li>\n<li>Funeral<\/li>\n<li>Gates Of Slumber, The<\/li>\n<li>Grand Magus<\/li>\n<li>Haarp<\/li>\n<li>Hail Hornet<\/li>\n<li>High On Fire<\/li>\n<li>Isole<\/li>\n<li>Javelina<\/li>\n<li>Maegashira<\/li>\n<li>Megasus<\/li>\n<li>Middian<\/li>\n<li>Minsk<\/li>\n<li>Moss<\/li>\n<li>Mourning Beloveth<\/li>\n<li>My Dying Bride<\/li>\n<li>Naam<\/li>\n<li>Negative Reaction<\/li>\n<li>Outlaw Order<\/li>\n<li>Overmars<\/li>\n<li>Pentagram<\/li>\n<li>Place Of Skulls<\/li>\n<li>Reverend Bizarre<\/li>\n<li>Rwake<\/li>\n<li>Sahg<\/li>\n<li>Salome<\/li>\n<li>Serpentcult<\/li>\n<li>Shrinebuilder<\/li>\n<li>Sleep<\/li>\n<li>Sword, The<\/li>\n<li>Syrach<\/li>\n<li>Terhen<\/li>\n<li>Thergothon<\/li>\n<li>Torche<\/li>\n<li>Ufomammut<\/li>\n<li>Unearthly Trance<\/li>\n<li>Valkyrie<\/li>\n<li>Virgin Black<\/li>\n<li>Witchfinder General<\/li>\n<li>Weedeater<\/li>\n<li>Witchsorrow<\/li>\n<li>YOB<\/li>\n<li>Zoroaster<\/li>\n<\/ul>\n<\/div>\n<p><span style=\"color: #ffffff;\">Vill ni se ytterligare <strong><em>5.840<\/em><\/strong> band som ocks\u00e5 kategoriseras under genren Doom Metal, kolla:\u00a0<a title=\"Metal- Archives\" href=\"http:\/\/www.metal-archives.com\" target=\"_blank\"><strong>www.metal-archives.com<\/strong><\/a> och s\u00f6k p\u00e5 &#8220;Doom Metal&#8221;.<\/span><\/p>\n<div id=\"articlebody\">\n<p><strong><span style=\"color: #ffffff;\">K\u00e4lla: Wikipedia, \u00a0About.com &amp; Metal-Archives.com<\/span><\/strong><\/p>\n<\/div>\n<\/div>\n<\/div>\n<\/div>\n<\/div>\n<\/div>\n<\/div>\n<\/div>\n<\/div>\n<\/div>\n<\/div>\n<\/div>\n<\/div>\n<\/div>\n<\/div>\n<\/div>\n<\/div>\n<\/div>\n<\/div>\n<\/div>\n<\/div>\n<\/div>\n<\/div>\n<\/div>\n<\/div>\n<\/div>\n<\/div>\n<\/div>\n<\/div>\n<\/div>\n<\/div>\n<\/div>\n","protected":false},"excerpt":{"rendered":"<p>[tube]-3uvf0cn0jo[\/tube] Video: Candlemass &#8211; &#8220;Bewitched&#8221; Doom metal k\u00e4nnetecknas av att den \u00e4r extremt l\u00e5ngsam och tung. Musiken avser ge en k\u00e4nsla av, precis som namnet antyder, underg\u00e5ng. Genren b\u00f6rjade brukas i mitten p\u00e5\u00a01980-talet, och de band som spelar den \u00e4r ofta starkt inspirerade av\u00a0Black Sabbaths\u00a0tunga ljudbild. Subgenrer: Doom metal har en m\u00e4ngd egna understilar. H\u00e4r [&hellip;]<\/p>\n","protected":false},"author":1,"featured_media":0,"parent":0,"menu_order":0,"comment_status":"open","ping_status":"open","template":"","meta":{"footnotes":""},"class_list":["post-226","page","type-page","status-publish","hentry"],"_links":{"self":[{"href":"https:\/\/www.gustav.net\/index.php?rest_route=\/wp\/v2\/pages\/226"}],"collection":[{"href":"https:\/\/www.gustav.net\/index.php?rest_route=\/wp\/v2\/pages"}],"about":[{"href":"https:\/\/www.gustav.net\/index.php?rest_route=\/wp\/v2\/types\/page"}],"author":[{"embeddable":true,"href":"https:\/\/www.gustav.net\/index.php?rest_route=\/wp\/v2\/users\/1"}],"replies":[{"embeddable":true,"href":"https:\/\/www.gustav.net\/index.php?rest_route=%2Fwp%2Fv2%2Fcomments&post=226"}],"version-history":[{"count":16,"href":"https:\/\/www.gustav.net\/index.php?rest_route=\/wp\/v2\/pages\/226\/revisions"}],"predecessor-version":[{"id":1413,"href":"https:\/\/www.gustav.net\/index.php?rest_route=\/wp\/v2\/pages\/226\/revisions\/1413"}],"wp:attachment":[{"href":"https:\/\/www.gustav.net\/index.php?rest_route=%2Fwp%2Fv2%2Fmedia&parent=226"}],"curies":[{"name":"wp","href":"https:\/\/api.w.org\/{rel}","templated":true}]}}